{"id":2743,"date":"2024-04-08T09:28:26","date_gmt":"2024-04-08T09:28:26","guid":{"rendered":"http:\/\/clapat-themes.com\/wordpress\/montoya\/?page_id=2743"},"modified":"2025-02-03T22:55:26","modified_gmt":"2025-02-03T22:55:26","slug":"about","status":"publish","type":"page","link":"https:\/\/lagrand.mx\/?page_id=2743","title":{"rendered":"Acerca de nosotros"},"content":{"rendered":"\n<div class=\"wp-block-montoya-gutenberg-container content-row dark-section normal\" data-bgcolor=\"#0c0c0c\" style=\"text-align:left\">\n<div class=\"wp-block-montoya-gutenberg-clipped-image clipped-image-wrapper\"><div class=\"clipped-image-pin\"><div class=\"clipped-image\"><img decoding=\"async\" src=\"http:\/\/lagrand.mx\/wp-content\/uploads\/2025\/02\/IMG_4681-A.jpg\" alt=\"\"\/><div class=\"content-video-wrapper\"><video class=\"bgvid\" loop muted playsinline><source src=\"http:\/\/clapat.ro\/themes\/montoya\/images\/about.mp4\" type=\"video\/mp4\"\/><\/video><\/div><div class=\"clipped-image-gradient\"><\/div><\/div><\/div><div class=\"clipped-image-content content-full-width\"><\/div><\/div>\n<\/div>\n\n\n\n<div class=\"wp-block-montoya-gutenberg-container content-row light-section normal row_padding_top row_padding_bottom change-header-color has-clip-path\" data-bgcolor=\"#ffffff\" style=\"text-align:left\">\n<div class=\"wp-block-columns pinned-section is-layout-flex wp-container-core-columns-is-layout-9d6595d7 wp-block-columns-is-layout-flex\">\n<div class=\"wp-block-column pinned-element left is-layout-flow wp-block-column-is-layout-flow\">\n<h2 class=\"wp-block-heading big-title primary-font-title no-margins\"><span class=\"has-mask-fill\">Nuestros<\/span><br><span class=\"has-mask-fill\">Servicios<\/span><\/h2>\n<\/div>\n\n\n\n<div class=\"wp-block-column scrolling-element right is-layout-flow wp-block-column-is-layout-flow\">\n<dl class=\"wp-block-montoya-gutenberg-accordion accordion small-acc\">\n<dt><span class=\"link\">Marketing Digital<\/span><div class=\"acc-icon-wrap parallax-wrap\"><div class=\"acc-button-icon parallax-element\"><i class=\"fa fa-arrow-right\"><\/i><\/div><\/div><\/dt><dd class=\"accordion-content\">Nuestras campa\u00f1as estrat\u00e9gicas de marketing digital ayudan a las empresas a ampliar su presencia en l\u00ednea y alcanzar sus objetivos de crecimiento.<\/dd>\n\n\n\n<dt><span class=\"link\">Creaci\u00f3n de Contenidos<\/span><div class=\"acc-icon-wrap parallax-wrap\"><div class=\"acc-button-icon parallax-element\"><i class=\"fa fa-arrow-right\"><\/i><\/div><\/div><\/dt><dd class=\"accordion-content\">Nuestro equipo creativo produce contenido atractivo e impactante que cuenta la historia de su marca y cautiva a su audiencia.<\/dd>\n\n\n\n<dt><span class=\"link\">Publicity<\/span><div class=\"acc-icon-wrap parallax-wrap\"><div class=\"acc-button-icon parallax-element\"><i class=\"fa fa-arrow-right\"><\/i><\/div><\/div><\/dt><dd class=\"accordion-content\">Creamos experiencias de compra en l\u00ednea fluidas que permiten a las empresas llegar a clientes a nivel mundial.<\/dd>\n\n\n\n<dt><span class=\"link\">Entrenamiento de medios<\/span><div class=\"acc-icon-wrap parallax-wrap\"><div class=\"acc-button-icon parallax-element\"><i class=\"fa fa-arrow-right\"><\/i><\/div><\/div><\/dt><dd class=\"accordion-content\">Nuestras campa\u00f1as estrat\u00e9gicas de marketing digital ayudan a las empresas a ampliar su presencia en l\u00ednea y alcanzar sus objetivos de crecimiento.<\/dd>\n\n\n\n<dt><span class=\"link\">Optimizaci\u00f3n de SEO<\/span><div class=\"acc-icon-wrap parallax-wrap\"><div class=\"acc-button-icon parallax-element\"><i class=\"fa fa-arrow-right\"><\/i><\/div><\/div><\/dt><dd class=\"accordion-content\">Dise\u00f1amos interfaces de usuario intuitivas y visualmente atractivas que mejoran las experiencias del usuario y agilizan las interacciones.<\/dd>\n\n\n\n<dt><span class=\"link\">Estrategia de Marca<\/span><div class=\"acc-icon-wrap parallax-wrap\"><div class=\"acc-button-icon parallax-element\"><i class=\"fa fa-arrow-right\"><\/i><\/div><\/div><\/dt><dd class=\"accordion-content\">Nuestros estrategas de marca desarrollan identidades de marca s\u00f3lidas y atractivas que resuenan con el p\u00fablico objetivo.<\/dd>\n\n\n\n<dt><span class=\"link\">Gesti\u00f3n de Redes Sociales<\/span><div class=\"acc-icon-wrap parallax-wrap\"><div class=\"acc-button-icon parallax-element\"><i class=\"fa fa-arrow-right\"><\/i><\/div><\/div><\/dt><dd class=\"accordion-content\">Nuestros expertos en redes sociales gestionan y seleccionan contenido atractivo, fomentando conexiones significativas con las audiencias.<\/dd>\n\n\n\n<dt><span class=\"link\">An\u00e1lisis de datos <\/span><div class=\"acc-icon-wrap parallax-wrap\"><div class=\"acc-button-icon parallax-element\"><i class=\"fa fa-arrow-right\"><\/i><\/div><\/div><\/dt><dd class=\"accordion-content\">Analizamos datos para descubrir informaci\u00f3n valiosa y orientar la toma de decisiones basada en datos para el crecimiento y el \u00e9xito empresarial.<\/dd>\n<\/dl>\n<\/div>\n<\/div>\n<\/div>\n\n\n\n<div class=\"wp-block-montoya-gutenberg-container content-row dark-section full row_padding_top row_padding_left row_padding_right\" data-bgcolor=\"#0c0c0c\" style=\"text-align:center\">\n<h2 class=\"wp-block-heading big-title primary-font-title has-mask-fill\">Clientes<\/h2>\n\n\n\n<p>Hemos tenido el placer de contribuir al logro de objetivo de nuestros clientes.<\/p>\n\n\n\n<div style=\"height:80px\" aria-hidden=\"true\" class=\"wp-block-spacer\"><\/div>\n\n\n\n<div class=\"wp-block-montoya-gutenberg-clients-moving-gallery moving-gallery fw-gallery\"><ul class=\"wrapper-gallery\">\n<li class=\"link\"><img decoding=\"async\" src=\"https:\/\/lagrand.mx\/wp-content\/uploads\/2025\/01\/6.jpg\" alt=\"client image\" \/><div class=\"moving-gallery-caption\">FVZ<\/div><\/li>\n\n\n\n<li class=\"link\"><img decoding=\"async\" src=\"https:\/\/lagrand.mx\/wp-content\/uploads\/2025\/01\/5.jpg\" alt=\"client image\" \/><div class=\"moving-gallery-caption\">Grupo Salinas<\/div><\/li>\n\n\n\n<li class=\"link\"><img decoding=\"async\" src=\"https:\/\/lagrand.mx\/wp-content\/uploads\/2025\/01\/2.jpg\" alt=\"client image\" \/><div class=\"moving-gallery-caption\">Paramount Pictures<\/div><\/li>\n\n\n\n<li class=\"link\"><img decoding=\"async\" src=\"https:\/\/lagrand.mx\/wp-content\/uploads\/2025\/01\/8.jpg\" alt=\"client image\" \/><div class=\"moving-gallery-caption\">UNAM - CIGU <\/div><\/li>\n\n\n\n<li class=\"link\"><img decoding=\"async\" src=\"https:\/\/lagrand.mx\/wp-content\/uploads\/2025\/01\/imagem.jpg\" alt=\"client image\" \/><div class=\"moving-gallery-caption\">Imagem Films<\/div><\/li>\n<\/ul><\/div>\n\n\n\n<div class=\"wp-block-montoya-gutenberg-clients-moving-gallery moving-gallery bw-gallery\"><ul class=\"wrapper-gallery\">\n<li class=\"link\"><img decoding=\"async\" src=\"https:\/\/lagrand.mx\/wp-content\/uploads\/2025\/01\/7.jpg\" alt=\"client image\" \/><div class=\"moving-gallery-caption\">UNAM<\/div><\/li>\n\n\n\n<li class=\"link\"><img decoding=\"async\" src=\"https:\/\/lagrand.mx\/wp-content\/uploads\/2025\/01\/4.jpg\" alt=\"client image\" \/><div class=\"moving-gallery-caption\">OIM \/ ONU MIigraci\u00f3n<\/div><\/li>\n\n\n\n<li class=\"link\"><img decoding=\"async\" src=\"https:\/\/lagrand.mx\/wp-content\/uploads\/2025\/01\/Logo-RP.jpg\" alt=\"client image\" \/><div class=\"moving-gallery-caption\">Utopias<\/div><\/li>\n\n\n\n<li class=\"link\"><img decoding=\"async\" src=\"https:\/\/lagrand.mx\/wp-content\/uploads\/2025\/01\/10.jpg\" alt=\"client image\" \/><div class=\"moving-gallery-caption\">Pohualizcalli Escuela de cine <\/div><\/li>\n\n\n\n<li class=\"link\"><img decoding=\"async\" src=\"https:\/\/lagrand.mx\/wp-content\/uploads\/2025\/01\/11.jpg\" alt=\"client image\" \/><div class=\"moving-gallery-caption\">Alcald\u00eda Iztapalapa<\/div><\/li>\n<\/ul><\/div>\n<\/div>\n\n\n\n<div class=\"wp-block-montoya-gutenberg-container content-row dark-section full row_padding_top row_padding_bottom\" data-bgcolor=\"#0c0c0c\" style=\"text-align:center\">\n<ul class=\"wp-block-montoya-gutenberg-team-members team-members-list\" data-fx=\"1\">\n<li class=\"link has-hover-image\" data-img=\"http:\/\/lagrand.mx\/wp-content\/uploads\/2025\/02\/4.png\"><div class=\"team-member has-animation\"><span><\/span><div class=\"primary-font-title\">Alejandra \u00c1lvarez<\/div><span>Consultora de Marketing<\/span><\/div><\/li>\n\n\n\n<li class=\"link has-hover-image\" data-img=\"http:\/\/lagrand.mx\/wp-content\/uploads\/2025\/02\/1-1.png\"><div class=\"team-member has-animation\"><span><\/span><div class=\"primary-font-title\">Ren\u00e9 Portanel<\/div><span>Consultor de Marketing<\/span><\/div><\/li>\n\n\n\n<li class=\"link has-hover-image\" data-img=\"http:\/\/lagrand.mx\/wp-content\/uploads\/2025\/02\/3-1.png\"><div class=\"team-member has-animation\"><span><\/span><div class=\"primary-font-title\">Giselle Lazos<\/div><span>Escritora <\/span><\/div><\/li>\n\n\n\n<li class=\"link has-hover-image\" data-img=\"http:\/\/lagrand.mx\/wp-content\/uploads\/2025\/02\/2.png\"><div class=\"team-member has-animation\"><span><\/span><div class=\"primary-font-title\">Victor Torres<\/div><span>Editor<\/span><\/div><\/li>\n<\/ul>\n<\/div>\n\n\n\n<p><\/p>\n","protected":false},"excerpt":{"rendered":"","protected":false},"author":1,"featured_media":0,"parent":0,"menu_order":0,"comment_status":"closed","ping_status":"closed","template":"","meta":{"footnotes":""},"class_list":["post-2743","page","type-page","status-publish","hentry"],"_links":{"self":[{"href":"https:\/\/lagrand.mx\/index.php?rest_route=\/wp\/v2\/pages\/2743","targetHints":{"allow":["GET"]}}],"collection":[{"href":"https:\/\/lagrand.mx\/index.php?rest_route=\/wp\/v2\/pages"}],"about":[{"href":"https:\/\/lagrand.mx\/index.php?rest_route=\/wp\/v2\/types\/page"}],"author":[{"embeddable":true,"href":"https:\/\/lagrand.mx\/index.php?rest_route=\/wp\/v2\/users\/1"}],"replies":[{"embeddable":true,"href":"https:\/\/lagrand.mx\/index.php?rest_route=%2Fwp%2Fv2%2Fcomments&post=2743"}],"version-history":[{"count":27,"href":"https:\/\/lagrand.mx\/index.php?rest_route=\/wp\/v2\/pages\/2743\/revisions"}],"predecessor-version":[{"id":3307,"href":"https:\/\/lagrand.mx\/index.php?rest_route=\/wp\/v2\/pages\/2743\/revisions\/3307"}],"wp:attachment":[{"href":"https:\/\/lagrand.mx\/index.php?rest_route=%2Fwp%2Fv2%2Fmedia&parent=2743"}],"curies":[{"name":"wp","href":"https:\/\/api.w.org\/{rel}","templated":true}]}}